{"id":88,"date":"2020-10-08T16:05:46","date_gmt":"2020-10-08T14:05:46","guid":{"rendered":"http:\/\/trulypeople.com\/?page_id=88"},"modified":"2020-10-08T20:56:55","modified_gmt":"2020-10-08T18:56:55","slug":"architecture-et-ambiance-interieur","status":"publish","type":"page","link":"https:\/\/trulypeople.com\/index.php\/architecture-et-ambiance-interieur\/","title":{"rendered":"Architecture et Ambiance Int\u00e9rieur"},"content":{"rendered":"<p>[et_pb_section fb_built=\u00a0\u00bb1&Prime; _builder_version=\u00a0\u00bb3.26.3&Prime; background_image=\u00a0\u00bbhttp:\/\/trulypeople.com\/wp-content\/uploads\/2020\/10\/fond-flou-modif.jpg\u00a0\u00bb][et_pb_row _builder_version=\u00a0\u00bb3.26.3&Prime; min_height=\u00a0\u00bb57px\u00a0\u00bb][et_pb_column type=\u00a0\u00bb4_4&Prime; _builder_version=\u00a0\u00bb3.26.3&Prime;][et_pb_text _builder_version=\u00a0\u00bb3.26.3&Prime; custom_padding=\u00a0\u00bb0px|||||\u00a0\u00bb min_height=\u00a0\u00bb47px\u00a0\u00bb]<\/p>\n<h1><span style=\"color: #dddddd;\">Architecture et Ambiance Int\u00e9rieur<\/span><\/h1>\n<p>[\/et_pb_text][\/et_pb_column][\/et_pb_row][et_pb_row _builder_version=\u00a0\u00bb3.26.3&Prime;][et_pb_column type=\u00a0\u00bb4_4&Prime; _builder_version=\u00a0\u00bb3.26.3&Prime;][et_pb_text _builder_version=\u00a0\u00bb3.26.3&Prime; custom_padding=\u00a0\u00bb1px|||||\u00a0\u00bb]<\/p>\n<p><span style=\"color: #ffffff;\">Je pense que cela serait tr\u00e8s b\u00e9n\u00e9fique s\u2019il y avait plus de femmes en Architecture. <\/span><\/p>\n<p><span style=\"color: #ffffff;\">Dans sa biographie, Jane Fonda explique que petite, elle comparait la femme \u00e0 un Bretzel qui doit se tordre pour plaire \u00e0 son \u00e9poux. Cette adaptabilit\u00e9 \u00e9norme qui permet pour certaines de concilier les besoins du foyer et les contraintes de travail, serait extr\u00eamement appr\u00e9ciable pour r\u00e9soudre l\u2019\u00e9quation complexe du d\u00e9veloppement de l\u2019urbanisation de nos villes tout en tentant de respecter l\u2019environnement. Des femmes \u00e0 des postes cl\u00e9s pour les nouveaux projets d\u2019urbanisme seraient sans doute un fort atout. Non pas parce que nous sommes plus intelligentes ou plus dou\u00e9es. Simplement parce que depuis des g\u00e9n\u00e9rations, nous avons acquis une large exp\u00e9rience dans les compromis. Si un projet doit tenir sur le long terme, il faut qu\u2019il satisfasse tout le monde. Or la femme, en r\u00e8gle g\u00e9n\u00e9rale, est habitu\u00e9e \u00e0 satisfaire tout le monde autour d\u2019elle.<\/span><\/p>\n<p>[\/et_pb_text][\/et_pb_column][\/et_pb_row][\/et_pb_section]<\/p>\n","protected":false},"excerpt":{"rendered":"<p>Architecture et Ambiance Int\u00e9rieurJe pense que cela serait tr\u00e8s b\u00e9n\u00e9fique s\u2019il y avait plus de femmes en Architecture. Dans sa biographie, Jane Fonda explique que petite, elle comparait la femme \u00e0 un Bretzel qui doit se tordre pour plaire \u00e0 son \u00e9poux. Cette adaptabilit\u00e9 \u00e9norme qui permet pour certaines de concilier les besoins du foyer [&hellip;]<\/p>\n","protected":false},"author":1,"featured_media":0,"parent":0,"menu_order":0,"comment_status":"closed","ping_status":"closed","template":"","meta":{"_et_pb_use_builder":"on","_et_pb_old_content":"<!-- wp:paragraph -->\n<p><\/p>\n<!-- \/wp:paragraph -->\n\n<!-- wp:paragraph -->\n<p><\/p>\n<!-- \/wp:paragraph -->\n\n<!-- wp:paragraph -->\n<p><\/p>\n<!-- \/wp:paragraph -->\n\n<!-- wp:paragraph -->\n<p><\/p>\n<!-- \/wp:paragraph -->\n\n<!-- wp:paragraph -->\n<p>a<\/p>\n<!-- \/wp:paragraph -->","_et_gb_content_width":"","footnotes":""},"class_list":["post-88","page","type-page","status-publish","hentry"],"_links":{"self":[{"href":"https:\/\/trulypeople.com\/index.php\/wp-json\/wp\/v2\/pages\/88","targetHints":{"allow":["GET"]}}],"collection":[{"href":"https:\/\/trulypeople.com\/index.php\/wp-json\/wp\/v2\/pages"}],"about":[{"href":"https:\/\/trulypeople.com\/index.php\/wp-json\/wp\/v2\/types\/page"}],"author":[{"embeddable":true,"href":"https:\/\/trulypeople.com\/index.php\/wp-json\/wp\/v2\/users\/1"}],"replies":[{"embeddable":true,"href":"https:\/\/trulypeople.com\/index.php\/wp-json\/wp\/v2\/comments?post=88"}],"version-history":[{"count":4,"href":"https:\/\/trulypeople.com\/index.php\/wp-json\/wp\/v2\/pages\/88\/revisions"}],"predecessor-version":[{"id":98,"href":"https:\/\/trulypeople.com\/index.php\/wp-json\/wp\/v2\/pages\/88\/revisions\/98"}],"wp:attachment":[{"href":"https:\/\/trulypeople.com\/index.php\/wp-json\/wp\/v2\/media?parent=88"}],"curies":[{"name":"wp","href":"https:\/\/api.w.org\/{rel}","templated":true}]}}