{"id":58,"date":"2020-10-08T13:15:38","date_gmt":"2020-10-08T11:15:38","guid":{"rendered":"http:\/\/trulypeople.com\/?page_id=58"},"modified":"2020-10-08T13:56:21","modified_gmt":"2020-10-08T11:56:21","slug":"femmes","status":"publish","type":"page","link":"https:\/\/trulypeople.com\/index.php\/femmes\/","title":{"rendered":"Femmes"},"content":{"rendered":"<p>[et_pb_section fb_built=\u00a0\u00bb1&Prime; _builder_version=\u00a0\u00bb3.26.3&Prime; use_background_color_gradient=\u00a0\u00bbon\u00a0\u00bb background_color_gradient_end=\u00a0\u00bb#f1ff35&Prime; bottom_divider_style=\u00a0\u00bbwave2&Prime; bottom_divider_height=\u00a0\u00bb89px\u00a0\u00bb next_background_color=\u00a0\u00bb#ffffff\u00a0\u00bb][et_pb_row _builder_version=\u00a0\u00bb3.26.3&Prime;][et_pb_column _builder_version=\u00a0\u00bb3.26.3&Prime; type=\u00a0\u00bb4_4&Prime;][et_pb_text _builder_version=\u00a0\u00bb3.26.3&Prime; text_font=\u00a0\u00bbAngkor||||||||\u00a0\u00bb header_font=\u00a0\u00bb|700||on|||||\u00a0\u00bb header_text_color=\u00a0\u00bbrgba(255,255,255,0.7)\u00a0\u00bb]<\/p>\n<h1>FEMMES<\/h1>\n<p>[\/et_pb_text][\/et_pb_column][\/et_pb_row][\/et_pb_section][et_pb_section fb_built=\u00a0\u00bb1&Prime; _builder_version=\u00a0\u00bb3.26.3&Prime;][et_pb_row _builder_version=\u00a0\u00bb3.26.3&Prime;][et_pb_column _builder_version=\u00a0\u00bb3.26.3&Prime; type=\u00a0\u00bb4_4&Prime;][et_pb_text _builder_version=\u00a0\u00bb3.26.3&Prime;]En tant que femme, j&rsquo;avais envie de leur consacrer une partie de mon site. De celles qui brillent dans l&rsquo;actualit\u00e9, de la place que je r\u00eaverai qu&rsquo;elles obtiennent ou bien encore des r\u00e9flexions sur mon comportement afin de ne pas transmettre \u00e0 ma fille les aprioris de l&rsquo;\u00e9ducation machiste que j&rsquo;ai re\u00e7ue. Je ne sais m\u00eame pas si le fait d&rsquo;\u00eatre une femme m&rsquo;a ferm\u00e9 des portes car je n&rsquo;ai m\u00eame pas chercher \u00e0 les ouvrir&#8230;[\/et_pb_text][\/et_pb_column][\/et_pb_row][\/et_pb_section]<\/p>\n","protected":false},"excerpt":{"rendered":"<p>FEMMES En tant que femme, j&rsquo;avais envie de leur consacrer une partie de mon site. De celles qui brillent dans l&rsquo;actualit\u00e9, de la place que je r\u00eaverai qu&rsquo;elles obtiennent ou bien encore des r\u00e9flexions sur mon comportement afin de ne pas transmettre \u00e0 ma fille les aprioris de l&rsquo;\u00e9ducation machiste que j&rsquo;ai re\u00e7ue. Je ne [&hellip;]<\/p>\n","protected":false},"author":1,"featured_media":0,"parent":0,"menu_order":0,"comment_status":"closed","ping_status":"closed","template":"","meta":{"_et_pb_use_builder":"on","_et_pb_old_content":"","_et_gb_content_width":"","footnotes":""},"class_list":["post-58","page","type-page","status-publish","hentry"],"_links":{"self":[{"href":"https:\/\/trulypeople.com\/index.php\/wp-json\/wp\/v2\/pages\/58","targetHints":{"allow":["GET"]}}],"collection":[{"href":"https:\/\/trulypeople.com\/index.php\/wp-json\/wp\/v2\/pages"}],"about":[{"href":"https:\/\/trulypeople.com\/index.php\/wp-json\/wp\/v2\/types\/page"}],"author":[{"embeddable":true,"href":"https:\/\/trulypeople.com\/index.php\/wp-json\/wp\/v2\/users\/1"}],"replies":[{"embeddable":true,"href":"https:\/\/trulypeople.com\/index.php\/wp-json\/wp\/v2\/comments?post=58"}],"version-history":[{"count":3,"href":"https:\/\/trulypeople.com\/index.php\/wp-json\/wp\/v2\/pages\/58\/revisions"}],"predecessor-version":[{"id":63,"href":"https:\/\/trulypeople.com\/index.php\/wp-json\/wp\/v2\/pages\/58\/revisions\/63"}],"wp:attachment":[{"href":"https:\/\/trulypeople.com\/index.php\/wp-json\/wp\/v2\/media?parent=58"}],"curies":[{"name":"wp","href":"https:\/\/api.w.org\/{rel}","templated":true}]}}