{"id":50,"date":"2020-10-08T15:08:05","date_gmt":"2020-10-08T13:08:05","guid":{"rendered":"http:\/\/trulypeople.com\/?page_id=50"},"modified":"2020-10-08T15:50:11","modified_gmt":"2020-10-08T13:50:11","slug":"a-propos-de-ce-site","status":"publish","type":"page","link":"https:\/\/trulypeople.com\/index.php\/a-propos-de-ce-site\/","title":{"rendered":"A propos de ce site&#8230;"},"content":{"rendered":"<p>[et_pb_section fb_built=\u00a0\u00bb1&Prime; admin_label=\u00a0\u00bbSection\u00a0\u00bb _builder_version=\u00a0\u00bb3.26.3&Prime; use_background_color_gradient=\u00a0\u00bbon\u00a0\u00bb background_color_gradient_start=\u00a0\u00bb#a3ffbb\u00a0\u00bb background_image=\u00a0\u00bbhttp:\/\/trulypeople.com\/wp-content\/uploads\/2020\/10\/DSC01822-1-scaled.jpg\u00a0\u00bb collapsed=\u00a0\u00bboff\u00a0\u00bb][et_pb_row _builder_version=\u00a0\u00bb3.26.3&Prime;][et_pb_column type=\u00a0\u00bb4_4&Prime; _builder_version=\u00a0\u00bb3.26.3&Prime;][et_pb_accordion open_toggle_text_color=\u00a0\u00bb#0C71C3&Prime; open_toggle_background_color=\u00a0\u00bbrgba(100,186,166,0)\u00a0\u00bb closed_toggle_background_color=\u00a0\u00bb#FFFFFF\u00a0\u00bb _builder_version=\u00a0\u00bb3.26.3&Prime; toggle_text_color=\u00a0\u00bb#0C71C3&Prime; toggle_level=\u00a0\u00bbh3&Prime; toggle_font=\u00a0\u00bbAngkor|700|||||||\u00a0\u00bb toggle_text_align=\u00a0\u00bbcenter\u00a0\u00bb border_radii=\u00a0\u00bbon|7px|7px|7px|7px\u00a0\u00bb border_width_all=\u00a0\u00bb2px\u00a0\u00bb border_color_all=\u00a0\u00bb#005fad\u00a0\u00bb box_shadow_style=\u00a0\u00bbpreset6&Prime; text_orientation=\u00a0\u00bbjustified\u00a0\u00bb min_height=\u00a0\u00bb132px\u00a0\u00bb filter_saturate=\u00a0\u00bb94%\u00a0\u00bb filter_brightness=\u00a0\u00bb109%\u00a0\u00bb filter_contrast=\u00a0\u00bb142%\u00a0\u00bb locked=\u00a0\u00bboff\u00a0\u00bb custom_margin=\u00a0\u00bb||25px|||\u00a0\u00bb][et_pb_accordion_item title=\u00a0\u00bb%22De nos jours, on s&rsquo;exploite soi m\u00eame en pensant s&rsquo;accomplir%22 BYUNG-CHUL HAN\u00a0\u00bb open=\u00a0\u00bbon\u00a0\u00bb _builder_version=\u00a0\u00bb3.26.3&Prime; inline_fonts=\u00a0\u00bbAngkor\u00a0\u00bb]<\/p>\n<p><span style=\"font-family: Angkor; font-weight: normal; font-size: medium; color: #000000;\">Dans une interview le 7 f\u00e9vrier 2018 au journal espagnol \u00ab\u00a0El Pais\u00a0\u00bb, le philosophe Sud Cor\u00e9en Byung-Chul Han donne sa d\u00e9finition de l&rsquo;authenticit\u00e9.<\/span><\/p>\n<p><span style=\"font-family: Angkor; font-weight: normal; font-size: medium; color: #000000;\">Pour lui, nous cherchons tous \u00e0 \u00eatre authentique afin de se distinguer des autres, en nous effor\u00e7ant donc \u00e0 \u00eatre nous m\u00eame. Cependant il est impossible de l&rsquo;\u00eatre de mani\u00e8re authentique puisque cette volont\u00e9 d&rsquo;\u00eatre diff\u00e9rent est commune \u00e0 tous.\u00a0<\/span><\/p>\n<p><span style=\"font-family: Angkor; font-weight: normal; font-size: medium; color: #000000;\">Suite \u00e0 cette lecture, cela serait pr\u00e9tentieux de dire que les articles et partages d&rsquo;exp\u00e9riences de ce site sont authentiques mais tout au moins sont-ils sinc\u00e8res.<\/span><\/p>\n<p>&nbsp;<\/p>\n<p>&nbsp;<\/p>\n<p>[\/et_pb_accordion_item][\/et_pb_accordion][\/et_pb_column][\/et_pb_row][et_pb_row custom_padding=\u00a0\u00bb28px||27px|||\u00a0\u00bb custom_margin=\u00a0\u00bb|299px||62px|false|false\u00a0\u00bb admin_label=\u00a0\u00bbLigne\u00a0\u00bb _builder_version=\u00a0\u00bb3.26.3&Prime; use_background_color_gradient=\u00a0\u00bbon\u00a0\u00bb background_color_gradient_start=\u00a0\u00bbrgba(239,239,239,0.61)\u00a0\u00bb background_size=\u00a0\u00bbinitial\u00a0\u00bb background_position=\u00a0\u00bbtop_left\u00a0\u00bb background_repeat=\u00a0\u00bbrepeat\u00a0\u00bb border_radii=\u00a0\u00bbon|11px|11px|11px|11px\u00a0\u00bb collapsed=\u00a0\u00bboff\u00a0\u00bb min_height=\u00a0\u00bb550px\u00a0\u00bb][et_pb_column type=\u00a0\u00bb4_4&Prime; _builder_version=\u00a0\u00bb3.25&Prime; custom_padding=\u00a0\u00bb|||\u00a0\u00bb custom_padding__hover=\u00a0\u00bb|||\u00a0\u00bb][et_pb_text admin_label=\u00a0\u00bbTexte\u00a0\u00bb _builder_version=\u00a0\u00bb3.0.74&Prime; background_size=\u00a0\u00bbinitial\u00a0\u00bb background_position=\u00a0\u00bbtop_left\u00a0\u00bb background_repeat=\u00a0\u00bbrepeat\u00a0\u00bb width=\u00a0\u00bb100%\u00a0\u00bb inline_fonts=\u00a0\u00bbAngkor,Trebuchet\u00a0\u00bb custom_margin=\u00a0\u00bb59px|||||\u00a0\u00bb]<!-- divi:paragraph --><\/p>\n<p><span style=\"font-size: medium; font-family: Angkor; font-weight: normal;\"><strong>Ce blog pourrait se pr\u00e9senter ainsi: <span style=\"color: #21874c;\">Rencontre bienveillante<\/span>.<\/strong><\/span><\/p>\n<p><!-- \/divi:paragraph --> <!-- divi:paragraph --><\/p>\n<p><span style=\"font-size: medium; color: #0c0c0c;\">La bienveillance, la gentillesse sont parfois per\u00e7ues comme une faiblesse.<\/span><\/p>\n<p><span style=\"font-size: medium; color: #0c0c0c;\"> <!-- \/divi:paragraph --> <!-- divi:paragraph --> <\/span><\/p>\n<p><span style=\"font-size: medium; color: #0c0c0c;\">Pourtant Mathieu Ricard explique que l\u2019altruisme est une source importante de bien-\u00eatre et d\u2019\u00e9panouissement.<\/span><\/p>\n<p><span style=\"font-size: medium; color: #0c0c0c;\"> <!-- \/divi:paragraph --> <!-- divi:paragraph --> <\/span><\/p>\n<p><span style=\"font-size: medium; color: #0c0c0c;\">Je me suis rendue compte que mon entourage me sollicitait souvent pour diff\u00e9rentes demandes alors que ce qu\u2019ils recherchaient avant tout, c\u2019\u00e9tait un petit moment de bonheur!!!<\/span><\/p>\n<p><span style=\"font-size: medium; color: #0c0c0c;\"> <!-- \/divi:paragraph --> <!-- divi:paragraph --> <\/span><\/p>\n<p><span style=\"font-size: medium; color: #0c0c0c;\">Ce site est donc un p\u00ealem\u00eale de bonnes adresses, de partage d\u2019exp\u00e9riences agr\u00e9ables ou juste une communication de belles images qui nous font voyager, sourire ou simplement s\u2019attendrir, quelque secondes le temps d\u2019un coup d\u2019\u0153il.<\/span><\/p>\n<p><span style=\"font-size: medium; color: #0c0c0c;\"> <!-- \/divi:paragraph --> <!-- divi:paragraph --> <\/span><\/p>\n<p><span style=\"font-size: medium; color: #0c0c0c;\">Bien s\u00fbr comme tout un chacun, j\u2019utilise internet, les nouvelles technologies, etc&#8230;\u00a0Toutefois, l\u2019utilisation excessive de toute chose ne me parait pas un bon chemin \u00e0 l\u2019\u00e9panouissement personnel ou en tout cas ne peut \u00eatre source d\u2019\u00e9quilibre.<\/span><\/p>\n<p><span style=\"font-size: medium; color: #0c0c0c;\"> <!-- \/divi:paragraph --> <!-- divi:paragraph --> <\/span><\/p>\n<p><span style=\"font-size: medium; color: #0c0c0c;\">Voici donc un partage des projets et des personnes qui rendent, \u00e0 mes yeux, la vie plus belle, plus harmonieuse ou qui nous aident lorsque l&rsquo;on essayent de s&rsquo;ancrer (au pr\u00e9sent, \u00e0 la Terre, \u00e0 nos racines) dans le monde ultra-connect\u00e9 et d\u00e9mat\u00e9rialis\u00e9 o\u00f9 nous vivons pour une grande majorit\u00e9 d\u2019entre nous.<\/span><\/p>\n<p><!-- \/divi:paragraph -->[\/et_pb_text][\/et_pb_column][\/et_pb_row][\/et_pb_section]<\/p>\n","protected":false},"excerpt":{"rendered":"<p>Dans une interview le 7 f\u00e9vrier 2018 au journal espagnol \u00ab\u00a0El Pais\u00a0\u00bb, le philosophe Sud Cor\u00e9en Byung-Chul Han donne sa d\u00e9finition de l&rsquo;authenticit\u00e9. Pour lui, nous cherchons tous \u00e0 \u00eatre authentique afin de se distinguer des autres, en nous effor\u00e7ant donc \u00e0 \u00eatre nous m\u00eame. Cependant il est impossible de l&rsquo;\u00eatre de mani\u00e8re authentique puisque [&hellip;]<\/p>\n","protected":false},"author":1,"featured_media":0,"parent":0,"menu_order":0,"comment_status":"closed","ping_status":"closed","template":"","meta":{"_et_pb_use_builder":"on","_et_pb_old_content":"<!-- wp:paragraph -->\n<p>Ce blog pourrait se pr\u00e9senter ainsi: Rencontre bienveillante.<\/p>\n<!-- \/wp:paragraph -->\n\n<!-- wp:paragraph -->\n<p>La bienveillance, la gentillesse sont parfois per\u00e7ues comme une faiblesse.<\/p>\n<!-- \/wp:paragraph -->\n\n<!-- wp:paragraph -->\n<p>Pourtant Mathieu Ricard explique que l\u2019altruisme est une source importante de bien-\u00eatre et d\u2019\u00e9panouissement.<\/p>\n<!-- \/wp:paragraph -->\n\n<!-- wp:paragraph -->\n<p>Je me suis rendue compte que mon entourage me sollicitait souvent pour diff\u00e9rentes demandes alors que ce qu\u2019ils recherchaient avant tout, c\u2019\u00e9tait un petit moment de bonheur!!!<\/p>\n<!-- \/wp:paragraph -->\n\n<!-- wp:paragraph -->\n<p>Ce site est un p\u00ealem\u00eale de bonnes adresses, de partage d\u2019exp\u00e9riences agr\u00e9ables ou juste une communication de belles images qui nous font voyager, sourire ou simplement s\u2019attendrir, quelque secondes le temps d\u2019un coup d\u2019\u0153il.<\/p>\n<!-- \/wp:paragraph -->\n\n<!-- wp:paragraph -->\n<p>Bien s\u00fbr comme tout un chacun, j\u2019utilise internet, les nouvelles technologies, etc... <\/p>\n<!-- \/wp:paragraph -->\n\n<!-- wp:paragraph -->\n<p>Toutefois, l\u2019utilisation excessive de toute chose ne me parait pas un bon chemin \u00e0 l\u2019\u00e9panouissement personnel ou en tout cas ne peut \u00eatre source d\u2019\u00e9quilibre.<\/p>\n<!-- \/wp:paragraph -->\n\n<!-- wp:paragraph -->\n<p>Voici donc un partage des projets et des personnes qui rendent, \u00e0 mes yeux, la vie plus belle, plus harmonieuse ou qui nous permettent de s\u2019ancrer (au pr\u00e9sent, \u00e0 la Terre, \u00e0 nos racines) un peu dans le monde ultra-connect\u00e9 o\u00f9 nous vivons pour une grande majorit\u00e9 d\u2019entre nous.<\/p>\n<!-- \/wp:paragraph -->","_et_gb_content_width":"","footnotes":""},"class_list":["post-50","page","type-page","status-publish","hentry"],"_links":{"self":[{"href":"https:\/\/trulypeople.com\/index.php\/wp-json\/wp\/v2\/pages\/50","targetHints":{"allow":["GET"]}}],"collection":[{"href":"https:\/\/trulypeople.com\/index.php\/wp-json\/wp\/v2\/pages"}],"about":[{"href":"https:\/\/trulypeople.com\/index.php\/wp-json\/wp\/v2\/types\/page"}],"author":[{"embeddable":true,"href":"https:\/\/trulypeople.com\/index.php\/wp-json\/wp\/v2\/users\/1"}],"replies":[{"embeddable":true,"href":"https:\/\/trulypeople.com\/index.php\/wp-json\/wp\/v2\/comments?post=50"}],"version-history":[{"count":12,"href":"https:\/\/trulypeople.com\/index.php\/wp-json\/wp\/v2\/pages\/50\/revisions"}],"predecessor-version":[{"id":87,"href":"https:\/\/trulypeople.com\/index.php\/wp-json\/wp\/v2\/pages\/50\/revisions\/87"}],"wp:attachment":[{"href":"https:\/\/trulypeople.com\/index.php\/wp-json\/wp\/v2\/media?parent=50"}],"curies":[{"name":"wp","href":"https:\/\/api.w.org\/{rel}","templated":true}]}}